{"id":880,"date":"2017-11-02T14:04:30","date_gmt":"2017-11-02T13:04:30","guid":{"rendered":"http:\/\/www.issy-tourisme-international.com\/?page_id=880"},"modified":"2017-11-09T04:13:06","modified_gmt":"2017-11-09T03:13:06","slug":"mapa-del-sitio","status":"publish","type":"page","link":"https:\/\/www.issy-tourisme-international.com\/es\/mapa-del-sitio\/","title":{"rendered":"Mapa del sitio"},"content":{"rendered":"<div class=\"wsp-container\"><h2 class=\"wsp-pages-title\">Pages<\/h2>\n<ul class=\"wsp-pages-list\">\n<li class=\"page_item page-item-579 page_item_has_children\"><a href=\"https:\/\/www.issy-tourisme-international.com\/es\/comer-y-dormir\/\">Comer y dormir<\/a>\n<ul class='children'>\n\t<li class=\"page_item page-item-506\"><a href=\"https:\/\/www.issy-tourisme-international.com\/es\/comer-y-dormir\/alojamiento\/\">Alojamiento<\/a><\/li>\n\t<li class=\"page_item page-item-511\"><a href=\"https:\/\/www.issy-tourisme-international.com\/es\/comer-y-dormir\/restauracion\/\">Restauraci\u00f3n<\/a><\/li>\n<\/ul>\n<\/li>\n<li class=\"page_item page-item-553 page_item_has_children\"><a href=\"https:\/\/www.issy-tourisme-international.com\/es\/descubrir\/\">Descubrir<\/a>\n<ul class='children'>\n\t<li class=\"page_item page-item-1982\"><a href=\"https:\/\/www.issy-tourisme-international.com\/es\/descubrir\/caminos-digitales\/\">Caminos digitales<\/a><\/li>\n\t<li class=\"page_item page-item-498\"><a href=\"https:\/\/www.issy-tourisme-international.com\/es\/descubrir\/circuito\/\">Circuitos<\/a><\/li>\n\t<li class=\"page_item page-item-469 page_item_has_children\"><a href=\"https:\/\/www.issy-tourisme-international.com\/es\/descubrir\/greeters\/\">Greeters<\/a>\n\t<ul class='children'>\n\t\t<li class=\"page_item page-item-485\"><a href=\"https:\/\/www.issy-tourisme-international.com\/es\/descubrir\/greeters\/convertirse-greeter\/\">Convertirse greeter<\/a><\/li>\n\t\t<li class=\"page_item page-item-487\"><a href=\"https:\/\/www.issy-tourisme-international.com\/es\/descubrir\/greeters\/encontrar-greeter\/\">Encontrar greeter<\/a><\/li>\n\t<\/ul>\n<\/li>\n\t<li class=\"page_item page-item-493\"><a href=\"https:\/\/www.issy-tourisme-international.com\/es\/descubrir\/historia-de-la-ciudad\/\">Historia de la ciudad<\/a><\/li>\n<\/ul>\n<\/li>\n<li class=\"page_item page-item-573\"><a href=\"https:\/\/www.issy-tourisme-international.com\/es\/grupo\/\">Grupos<\/a><\/li>\n<li class=\"page_item page-item-592 page_item_has_children\"><a href=\"https:\/\/www.issy-tourisme-international.com\/es\/practico\/\">Informaci\u00f3n pr\u00e1ctica<\/a>\n<ul class='children'>\n\t<li class=\"page_item page-item-533\"><a href=\"https:\/\/www.issy-tourisme-international.com\/es\/practico\/contacto\/\">Contacto<\/a><\/li>\n\t<li class=\"page_item page-item-527\"><a href=\"https:\/\/www.issy-tourisme-international.com\/es\/practico\/folletos\/\">Folletos<\/a><\/li>\n<\/ul>\n<\/li>\n<li class=\"page_item page-item-880\"><a href=\"https:\/\/www.issy-tourisme-international.com\/es\/mapa-del-sitio\/\">Mapa del sitio<\/a><\/li>\n<li class=\"page_item page-item-706\"><a href=\"https:\/\/www.issy-tourisme-international.com\/es\/notas-legales\/\">Notas legales<\/a><\/li>\n<li class=\"page_item page-item-698\"><a href=\"https:\/\/www.issy-tourisme-international.com\/es\/clasificacion-de-etiqueta-de-calidad-de-carta\/\">Nuestros compromisos<\/a><\/li>\n<li class=\"page_item page-item-277\"><a href=\"https:\/\/www.issy-tourisme-international.com\/es\/\">P\u00e1gina principal<\/a><\/li>\n<li class=\"page_item page-item-596 page_item_has_children\"><a href=\"https:\/\/www.issy-tourisme-international.com\/es\/salir-y-viajar\/\">Salir y viajar<\/a>\n<ul class='children'>\n\t<li class=\"page_item page-item-516\"><a href=\"https:\/\/www.issy-tourisme-international.com\/es\/salir-y-viajar\/salir\/\">Salir<\/a><\/li>\n\t<li class=\"page_item page-item-520\"><a href=\"https:\/\/www.issy-tourisme-international.com\/es\/salir-y-viajar\/viajar\/\">Viajar<\/a><\/li>\n<\/ul>\n<\/li>\n<\/ul>\n<h2 class=\"wsp-brochuress-title\">Brochures<\/h2>\n<ul class=\"wsp-brochuress-list\">\n<li><a href=\"https:\/\/www.issy-tourisme-international.com\/es\/brochures\/viajar\/\">Viajar<\/a><\/li>\n<li><a href=\"https:\/\/www.issy-tourisme-international.com\/es\/brochures\/salir\/\">Salir<\/a><\/li>\n<\/ul>\n<h2 class=\"wsp-circuitss-title\">Circuits<\/h2>\n<ul class=\"wsp-circuitss-list\">\n<li><a href=\"https:\/\/www.issy-tourisme-international.com\/es\/circuits\/parque-de-la-isla-san-german\/\">Paseo por la naturaleza<\/a><\/li>\n<li><a href=\"https:\/\/www.issy-tourisme-international.com\/es\/circuits\/aenean-quis-eleifend-velit-aenean-nisi-ex-rutrum-eu-est-sed-convallis-luctus-massa\/\">Las historias de Issy<\/a><\/li>\n<li><a href=\"https:\/\/www.issy-tourisme-international.com\/es\/circuits\/issy-aviacion\/\">Issy, aviaci\u00f3n<\/a><\/li>\n<\/ul>\n<h2 class=\"wsp-evenementss-title\">Evenements<\/h2>\n<ul class=\"wsp-evenementss-list\">\n<li><a href=\"https:\/\/www.issy-tourisme-international.com\/es\/evenements\/enquete-ludique-pour-une-chasse-aux-oeufs\/\">ENQU\u00caTE LUDIQUE POUR UNE CHASSE AUX OEUFS<\/a><\/li>\n<li><a href=\"https:\/\/www.issy-tourisme-international.com\/es\/evenements\/visite-guidee-du-parc-de-lile-saint-germain\/\">VENDREDI 10 AVRIL : VISITE GUID\u00c9E DU PARC DE L'\u00ceLE SAINT-GERMAIN<\/a><\/li>\n<li><a href=\"https:\/\/www.issy-tourisme-international.com\/es\/evenements\/mardi-14-avril-de-la-vapeur-au-metro\/\">MARDI 14 AVRIL : DE LA VAPEUR AU M\u00c9TRO\u00a0<\/a><\/li>\n<li><a href=\"https:\/\/www.issy-tourisme-international.com\/es\/evenements\/les-marches-avec-christian\/\">JEUDI 16 AVRIL : BOIS DE VERRI\u00c8RES ET VALL\u00c9E DE LA BI\u00c8VRE<\/a><\/li>\n<li><a href=\"https:\/\/www.issy-tourisme-international.com\/es\/evenements\/mardi-13-janvier-inscriptions-sortir-janvier-avril-2026\/\">BROCHURE \"SORTIR ! JANVIER-AVRIL 2026\"<\/a><\/li>\n<\/ul>\n<h2 class=\"wsp-team_buildings-title\">Team Building<\/h2>\n<ul class=\"wsp-team_buildings-list\">\n<li><a href=\"https:\/\/www.issy-tourisme-international.com\/es\/team_building\/home-cinema-silence-moteur-action\/\">HOME CINEMA - Silence, Moteur, Action !<\/a><\/li>\n<li><a href=\"https:\/\/www.issy-tourisme-international.com\/es\/team_building\/la-barge-166-reunion\/\">LE NIDA \u2013 SALLES DE R\u00c9UNION<\/a><\/li>\n<li><a href=\"https:\/\/www.issy-tourisme-international.com\/es\/team_building\/le-boulodrome-tournoi-de-petanque\/\">LE BOULODROME \u2013 Tournoi de p\u00e9tanque<\/a><\/li>\n<li><a href=\"https:\/\/www.issy-tourisme-international.com\/es\/team_building\/les-zolympiades-activite-team-building\/\">LA BARGE 166 \u2013 R\u00e9union &amp; Atelier d\u00e9gustation<\/a><\/li>\n<\/ul>\n<\/div>\n","protected":false},"excerpt":{"rendered":"","protected":false},"author":1,"featured_media":0,"parent":0,"menu_order":0,"comment_status":"closed","ping_status":"closed","template":"modele-branche.php","meta":{"_acf_changed":false,"footnotes":""},"class_list":["post-880","page","type-page","status-publish","hentry"],"acf":[],"_links":{"self":[{"href":"https:\/\/www.issy-tourisme-international.com\/es\/wp-json\/wp\/v2\/pages\/880","targetHints":{"allow":["GET"]}}],"collection":[{"href":"https:\/\/www.issy-tourisme-international.com\/es\/wp-json\/wp\/v2\/pages"}],"about":[{"href":"https:\/\/www.issy-tourisme-international.com\/es\/wp-json\/wp\/v2\/types\/page"}],"author":[{"embeddable":true,"href":"https:\/\/www.issy-tourisme-international.com\/es\/wp-json\/wp\/v2\/users\/1"}],"replies":[{"embeddable":true,"href":"https:\/\/www.issy-tourisme-international.com\/es\/wp-json\/wp\/v2\/comments?post=880"}],"version-history":[{"count":0,"href":"https:\/\/www.issy-tourisme-international.com\/es\/wp-json\/wp\/v2\/pages\/880\/revisions"}],"wp:attachment":[{"href":"https:\/\/www.issy-tourisme-international.com\/es\/wp-json\/wp\/v2\/media?parent=880"}],"curies":[{"name":"wp","href":"https:\/\/api.w.org\/{rel}","templated":true}]}}