{"id":596,"date":"2017-10-31T14:54:23","date_gmt":"2017-10-31T13:54:23","guid":{"rendered":"http:\/\/www.issy-tourisme-international.com\/?page_id=596"},"modified":"2018-03-28T16:29:11","modified_gmt":"2018-03-28T14:29:11","slug":"salir-y-viajar","status":"publish","type":"page","link":"https:\/\/www.issy-tourisme-international.com\/es\/salir-y-viajar\/","title":{"rendered":"Salir y viajar"},"content":{"rendered":"<p>Nuestros deseos para 2018: \u00a1Guiarles y descubrir las sorpresas! Viaje a trav\u00e9s del cine y la danza optando por las visitas de la exposici\u00f3n de Lino Ventura en el Museo des Avelines o Degas, Danza y dibujo en el Museo de Orsay. Entre en contacto con el universo confidencial de Yves Saint- Laurent, en el interior de su nuevo museo. Reg\u00e1late una visita guiada de excepci\u00f3n. La Galer\u00eda Dorada del Banco de Francia, el palacete de Paiva\u00a0 o nuestra visita misteriosa que os encantara. D\u00e9jate sorprender por nuestras visitas ins\u00f3litas: visita-espect\u00e1culo de la Opera de Garnier, el Museo de las artes de la Feria, visitas guiadas en Paris. En fin d\u00e9jate llevar y contar el barrio antiguo Iss\u00e9en y vuelve como un embajador de nuestra ciudad.<\/p>\n","protected":false},"excerpt":{"rendered":"<p>Nuestros deseos para 2018: \u00a1Guiarles y descubrir las sorpresas! Viaje a trav\u00e9s del cine y la danza optando por las visitas de la exposici\u00f3n de Lino Ventura en el Museo des Avelines o Degas, Danza y dibujo en el Museo de Orsay. Entre en contacto con el universo confidencial de Yves Saint- Laurent, en el [&hellip;]<\/p>\n","protected":false},"author":1,"featured_media":0,"parent":0,"menu_order":0,"comment_status":"closed","ping_status":"closed","template":"modele-branche.php","meta":{"_acf_changed":false,"footnotes":""},"class_list":["post-596","page","type-page","status-publish","hentry"],"acf":[],"_links":{"self":[{"href":"https:\/\/www.issy-tourisme-international.com\/es\/wp-json\/wp\/v2\/pages\/596","targetHints":{"allow":["GET"]}}],"collection":[{"href":"https:\/\/www.issy-tourisme-international.com\/es\/wp-json\/wp\/v2\/pages"}],"about":[{"href":"https:\/\/www.issy-tourisme-international.com\/es\/wp-json\/wp\/v2\/types\/page"}],"author":[{"embeddable":true,"href":"https:\/\/www.issy-tourisme-international.com\/es\/wp-json\/wp\/v2\/users\/1"}],"replies":[{"embeddable":true,"href":"https:\/\/www.issy-tourisme-international.com\/es\/wp-json\/wp\/v2\/comments?post=596"}],"version-history":[{"count":0,"href":"https:\/\/www.issy-tourisme-international.com\/es\/wp-json\/wp\/v2\/pages\/596\/revisions"}],"wp:attachment":[{"href":"https:\/\/www.issy-tourisme-international.com\/es\/wp-json\/wp\/v2\/media?parent=596"}],"curies":[{"name":"wp","href":"https:\/\/api.w.org\/{rel}","templated":true}]}}