{"id":533,"date":"2017-10-31T13:40:36","date_gmt":"2017-10-31T12:40:36","guid":{"rendered":"http:\/\/www.issy-tourisme-international.com\/?page_id=533"},"modified":"2018-04-20T11:44:30","modified_gmt":"2018-04-20T09:44:30","slug":"contacto","status":"publish","type":"page","link":"https:\/\/www.issy-tourisme-international.com\/es\/practico\/contacto\/","title":{"rendered":"Contacto"},"content":{"rendered":"<div class=\"entry-content\">\n<div class=\"entry-content\">\n<h2>Maison du Tourisme et des Loisirs d\u2019Issy-les-Moulineaux<\/h2>\n<p>Esplanade de l\u2019H\u00f4tel de Ville<br \/>\n62 rue du G\u00e9n\u00e9ral Leclerc<br \/>\n92130 Issy-les-Moulineaux<\/p>\n<p>Tel\u00e9fono : + 33 (0)1 41 23 87 00<br \/>\nMail : <a href=\"mailto:touristoffice@ville-issy.fr\" target=\"_blank\" rel=\"noopener\">touristoffice@ville-issy.fr<\/a><\/p>\n<p><strong>Horarios de apertura :<\/strong><br \/>\nAbierto de lunes a viernes sin interrupci\u00f3n de 10h00 a 18h00.<\/p>\n<p>Excepto los martes de 11h00 a 18h00,\u00a0 el s\u00e1bado de 10h00 a 13h00 y de 14h00 a 16h00.<\/p>\n<\/div>\n<\/div>\n","protected":false},"excerpt":{"rendered":"<p>Maison du Tourisme et des Loisirs d\u2019Issy-les-Moulineaux Esplanade de l\u2019H\u00f4tel de Ville 62 rue du G\u00e9n\u00e9ral Leclerc 92130 Issy-les-Moulineaux Tel\u00e9fono : + 33 (0)1 41 23 87 00 Mail : touristoffice@ville-issy.fr Horarios de apertura : Abierto de lunes a viernes sin interrupci\u00f3n de 10h00 a 18h00. Excepto los martes de 11h00 a 18h00,\u00a0 el s\u00e1bado [&hellip;]<\/p>\n","protected":false},"author":3,"featured_media":0,"parent":592,"menu_order":0,"comment_status":"closed","ping_status":"closed","template":"modele-contact.php","meta":{"_acf_changed":false,"footnotes":""},"class_list":["post-533","page","type-page","status-publish","hentry"],"acf":[],"_links":{"self":[{"href":"https:\/\/www.issy-tourisme-international.com\/es\/wp-json\/wp\/v2\/pages\/533","targetHints":{"allow":["GET"]}}],"collection":[{"href":"https:\/\/www.issy-tourisme-international.com\/es\/wp-json\/wp\/v2\/pages"}],"about":[{"href":"https:\/\/www.issy-tourisme-international.com\/es\/wp-json\/wp\/v2\/types\/page"}],"author":[{"embeddable":true,"href":"https:\/\/www.issy-tourisme-international.com\/es\/wp-json\/wp\/v2\/users\/3"}],"replies":[{"embeddable":true,"href":"https:\/\/www.issy-tourisme-international.com\/es\/wp-json\/wp\/v2\/comments?post=533"}],"version-history":[{"count":0,"href":"https:\/\/www.issy-tourisme-international.com\/es\/wp-json\/wp\/v2\/pages\/533\/revisions"}],"up":[{"embeddable":true,"href":"https:\/\/www.issy-tourisme-international.com\/es\/wp-json\/wp\/v2\/pages\/592"}],"wp:attachment":[{"href":"https:\/\/www.issy-tourisme-international.com\/es\/wp-json\/wp\/v2\/media?parent=533"}],"curies":[{"name":"wp","href":"https:\/\/api.w.org\/{rel}","templated":true}]}}