{"id":527,"date":"2017-10-31T12:39:29","date_gmt":"2017-10-31T11:39:29","guid":{"rendered":"http:\/\/www.issy-tourisme-international.com\/?page_id=527"},"modified":"2018-04-19T13:05:30","modified_gmt":"2018-04-19T11:05:30","slug":"folletos","status":"publish","type":"page","link":"https:\/\/www.issy-tourisme-international.com\/es\/practico\/folletos\/","title":{"rendered":"Folletos"},"content":{"rendered":"<p>Este a\u00f1o, como siempre m\u00e1s ideas que dan vueltas entorno a la Oficina de Turismo, ideas que podr\u00edan interesar a los particulares, grupos y profesionales.<\/p>\n<p>Descubra nuestra nueva gama de programaci\u00f3n rica y diversificada adaptada para todos los p\u00fablicos.<\/p>\n<p>\u00bfGanas de hacer escapadas culturales? D\u00e9jese llevar con nuestros gu\u00edas tur\u00edsticos, le ense\u00f1ar\u00e1n<em>\u00a0<\/em>las huellas del pasado cultural del patrimonio de Issy y de otros lugares como; (ile de France)\u2026.<\/p>\n<p>Escoja en nuestro programa, una salida festiva o cultural.<\/p>\n<p>\u00bfTiene la curiosidad de descubrir nuestros nuevos conceptos y proposiciones de viajes en el mundo?<\/p>\n<p>Afterwork, Teaem Building, seminarios de empresa, \u00a1con Issy Turismo es posible!<\/p>\n","protected":false},"excerpt":{"rendered":"<p>Este a\u00f1o, como siempre m\u00e1s ideas que dan vueltas entorno a la Oficina de Turismo, ideas que podr\u00edan interesar a los particulares, grupos y profesionales. Descubra nuestra nueva gama de programaci\u00f3n rica y diversificada adaptada para todos los p\u00fablicos. \u00bfGanas de hacer escapadas culturales? D\u00e9jese llevar con nuestros gu\u00edas tur\u00edsticos, le ense\u00f1ar\u00e1n\u00a0las huellas del pasado [&hellip;]<\/p>\n","protected":false},"author":3,"featured_media":0,"parent":592,"menu_order":0,"comment_status":"closed","ping_status":"closed","template":"modele-brochures.php","meta":{"_acf_changed":false,"footnotes":""},"class_list":["post-527","page","type-page","status-publish","hentry"],"acf":[],"_links":{"self":[{"href":"https:\/\/www.issy-tourisme-international.com\/es\/wp-json\/wp\/v2\/pages\/527","targetHints":{"allow":["GET"]}}],"collection":[{"href":"https:\/\/www.issy-tourisme-international.com\/es\/wp-json\/wp\/v2\/pages"}],"about":[{"href":"https:\/\/www.issy-tourisme-international.com\/es\/wp-json\/wp\/v2\/types\/page"}],"author":[{"embeddable":true,"href":"https:\/\/www.issy-tourisme-international.com\/es\/wp-json\/wp\/v2\/users\/3"}],"replies":[{"embeddable":true,"href":"https:\/\/www.issy-tourisme-international.com\/es\/wp-json\/wp\/v2\/comments?post=527"}],"version-history":[{"count":0,"href":"https:\/\/www.issy-tourisme-international.com\/es\/wp-json\/wp\/v2\/pages\/527\/revisions"}],"up":[{"embeddable":true,"href":"https:\/\/www.issy-tourisme-international.com\/es\/wp-json\/wp\/v2\/pages\/592"}],"wp:attachment":[{"href":"https:\/\/www.issy-tourisme-international.com\/es\/wp-json\/wp\/v2\/media?parent=527"}],"curies":[{"name":"wp","href":"https:\/\/api.w.org\/{rel}","templated":true}]}}