{"id":520,"date":"2017-10-31T12:35:15","date_gmt":"2017-10-31T11:35:15","guid":{"rendered":"http:\/\/www.issy-tourisme-international.com\/?page_id=520"},"modified":"2021-04-07T12:32:02","modified_gmt":"2021-04-07T10:32:02","slug":"viajar","status":"publish","type":"page","link":"https:\/\/www.issy-tourisme-international.com\/es\/salir-y-viajar\/viajar\/","title":{"rendered":"Viajar"},"content":{"rendered":"<p>\u201cEl momento m\u00e1s fascinante de la vida de una persona, es cuando descubrimos un nuevo destino\u2026\u201d<\/p>\n<p>Richard Burton<\/p>\n<p>&nbsp;<\/p>\n<p>Hay viajes que nunca se olvidan\u2026Viajes que toman un sentido por un encuentro o con una mirada\u2026<\/p>\n<p>\u00bfSue\u00f1a con evasiones y ganas de descubrir?, con la Oficina de Turismo tendr\u00e1 una amplia gama de cultura y llena de emociones gracias a nuestros viajes.<\/p>\n<p>\u00bfAmantes de la naturaleza y de sensaciones fuertes? Venga a descubrir, el norte del c\u00edrculo polar \u00e1rtico. La Pon\u00eda finlandesa, sus llanuras recubiertas de nieve, sus profundos bosques en el coraz\u00f3n hibernal del invierno. Esqu\u00ed de fondo, un paseo con trineo de perros, pesca en los lagos de hielo, saunas ardientes, pausas golosas\u2026Este trozo de la Europa, pa\u00eds de extremos y contrastes, corresponde a todos sus anhelos.<\/p>\n<p>Ganas de conocer T\u00e9h\u00e9ran, Pers\u00e9poils, Ispahan\u2026Sin olvidar el esplendor de Ir\u00e1n, un verdadero mundo en s\u00ed, dicho por Alejandro Magno, &nbsp;Ya va siendo hora de descubrir el territorio Persa y sus leyendas, talles como; el anciano con barba, c\u00fapulas de oro, los caballeros de la estepa y el Palacio de Pers\u00e9polis.<\/p>\n<p>&nbsp;<\/p>\n<p>\u00bfEn b\u00fasqueda de autenticidad? D\u00e9jese seducir por el Guatemala, tierra de historia y leyendas\u2026<\/p>\n<p>Cuna de la extraordinaria cultura Maya, este pa\u00eds oculta vestigios arqueol\u00f3gicos, entre otros los m\u00e1s impresionantes de la historia.<\/p>\n<p>Este a\u00f1o Tokyo, una estancia libre y corta, conectada,<strong> \u00a1<\/strong>no espere m\u00e1s<strong>!&nbsp; \u00a1 <\/strong>Y venga a descubrir el pa\u00eds del origen del Sol<strong>!<\/strong><\/p>\n<p>Venecia, ciudad de asombro y belleza. <em>La Serenissima Repubblica di Venezia<\/em>, una ciudad nacida en el mar, con un recorrido por el mar, <strong>\u00a1<\/strong>qu\u00e9 mejor que visitarla con un crucero!<\/p>\n<p>El encanto de Irlanda y <strong>\u00a1<\/strong>os dejara de piedra! Del este al oeste, encontrar\u00e1 la belleza de sus paisajes salvajes del Conde de Kerry, la regi\u00f3n de Connemara, Dubl\u00edn y Kilkenny.<\/p>\n<p>Tambi\u00e9n podr\u00e1 viajar en Francia, con el descubrimiento de la regi\u00f3n del Aveyron y sus inmensas gargantas en la monta\u00f1a\u2026. Tendr\u00e1 que ser paciente para reservar el pr\u00f3ximo viaje subvencionado, la destinaci\u00f3n ser\u00e1 publicada en el mes de diciembre.<\/p>\n","protected":false},"excerpt":{"rendered":"<p>\u201cEl momento m\u00e1s fascinante de la vida de una persona, es cuando descubrimos un nuevo destino\u2026\u201d Richard Burton &nbsp; Hay viajes que nunca se olvidan\u2026Viajes que toman un sentido por un encuentro o con una mirada\u2026 \u00bfSue\u00f1a con evasiones y ganas de descubrir?, con la Oficina de Turismo tendr\u00e1 una amplia gama de cultura y [&hellip;]<\/p>\n","protected":false},"author":3,"featured_media":0,"parent":596,"menu_order":0,"comment_status":"closed","ping_status":"closed","template":"modele-voyager.php","meta":{"_acf_changed":false,"footnotes":""},"class_list":["post-520","page","type-page","status-publish","hentry"],"acf":[],"_links":{"self":[{"href":"https:\/\/www.issy-tourisme-international.com\/es\/wp-json\/wp\/v2\/pages\/520","targetHints":{"allow":["GET"]}}],"collection":[{"href":"https:\/\/www.issy-tourisme-international.com\/es\/wp-json\/wp\/v2\/pages"}],"about":[{"href":"https:\/\/www.issy-tourisme-international.com\/es\/wp-json\/wp\/v2\/types\/page"}],"author":[{"embeddable":true,"href":"https:\/\/www.issy-tourisme-international.com\/es\/wp-json\/wp\/v2\/users\/3"}],"replies":[{"embeddable":true,"href":"https:\/\/www.issy-tourisme-international.com\/es\/wp-json\/wp\/v2\/comments?post=520"}],"version-history":[{"count":0,"href":"https:\/\/www.issy-tourisme-international.com\/es\/wp-json\/wp\/v2\/pages\/520\/revisions"}],"up":[{"embeddable":true,"href":"https:\/\/www.issy-tourisme-international.com\/es\/wp-json\/wp\/v2\/pages\/596"}],"wp:attachment":[{"href":"https:\/\/www.issy-tourisme-international.com\/es\/wp-json\/wp\/v2\/media?parent=520"}],"curies":[{"name":"wp","href":"https:\/\/api.w.org\/{rel}","templated":true}]}}