{"id":516,"date":"2017-10-31T12:34:23","date_gmt":"2017-10-31T11:34:23","guid":{"rendered":"http:\/\/www.issy-tourisme-international.com\/?page_id=516"},"modified":"2021-04-07T12:30:43","modified_gmt":"2021-04-07T10:30:43","slug":"salir","status":"publish","type":"page","link":"https:\/\/www.issy-tourisme-international.com\/es\/salir-y-viajar\/salir\/","title":{"rendered":"Salir"},"content":{"rendered":"<p>Al llegar el mes de mayo, con la llegada del buen tiempo de la primavera, los d\u00edas son m\u00e1s agradables y m\u00e1s largos.<\/p>\n<p>Nuestra voluntad de subvencionar nuestras excursiones, con m\u00faltiples ofertas. Esc\u00e1pate un d\u00eda, con una de nuestras excursiones, sea cual sea su presupuesto.<\/p>\n<p>Hojea las p\u00e1ginas de nuestro cat\u00e1logo, d\u00e9jese llevar por las nuevas tendencias, nosotros le esperamos en cualquier momento a la Oficina de Turismo para darle la bienvenida y informarle para las inscripciones.<\/p>\n<p>&nbsp;<\/p>\n<p><a href=\"https:\/\/billetterie.issytourisme.com\/\" target=\"_blank\" rel=\"noopener\"><img decoding=\"async\" class=\"size-full wp-image-1941 aligncenter\" src=\"https:\/\/www.issy-tourisme-international.com\/wp-content\/uploads\/2019\/04\/billetterie-ES.png\" alt=\"\" width=\"245\" height=\"50\" srcset=\"https:\/\/www.issy-tourisme-international.com\/wp-content\/uploads\/2019\/04\/billetterie-ES.png 245w, https:\/\/www.issy-tourisme-international.com\/wp-content\/uploads\/2019\/04\/billetterie-ES-5x1.png 5w, https:\/\/www.issy-tourisme-international.com\/wp-content\/uploads\/2019\/04\/billetterie-ES-24x5.png 24w, https:\/\/www.issy-tourisme-international.com\/wp-content\/uploads\/2019\/04\/billetterie-ES-36x7.png 36w, https:\/\/www.issy-tourisme-international.com\/wp-content\/uploads\/2019\/04\/billetterie-ES-48x10.png 48w\" sizes=\"(max-width: 245px) 100vw, 245px\" \/><\/a><\/p>\n","protected":false},"excerpt":{"rendered":"<p>Al llegar el mes de mayo, con la llegada del buen tiempo de la primavera, los d\u00edas son m\u00e1s agradables y m\u00e1s largos. Nuestra voluntad de subvencionar nuestras excursiones, con m\u00faltiples ofertas. Esc\u00e1pate un d\u00eda, con una de nuestras excursiones, sea cual sea su presupuesto. Hojea las p\u00e1ginas de nuestro cat\u00e1logo, d\u00e9jese llevar por las [&hellip;]<\/p>\n","protected":false},"author":3,"featured_media":0,"parent":596,"menu_order":0,"comment_status":"closed","ping_status":"closed","template":"modele-sortir.php","meta":{"_acf_changed":false,"footnotes":""},"class_list":["post-516","page","type-page","status-publish","hentry"],"acf":[],"_links":{"self":[{"href":"https:\/\/www.issy-tourisme-international.com\/es\/wp-json\/wp\/v2\/pages\/516","targetHints":{"allow":["GET"]}}],"collection":[{"href":"https:\/\/www.issy-tourisme-international.com\/es\/wp-json\/wp\/v2\/pages"}],"about":[{"href":"https:\/\/www.issy-tourisme-international.com\/es\/wp-json\/wp\/v2\/types\/page"}],"author":[{"embeddable":true,"href":"https:\/\/www.issy-tourisme-international.com\/es\/wp-json\/wp\/v2\/users\/3"}],"replies":[{"embeddable":true,"href":"https:\/\/www.issy-tourisme-international.com\/es\/wp-json\/wp\/v2\/comments?post=516"}],"version-history":[{"count":0,"href":"https:\/\/www.issy-tourisme-international.com\/es\/wp-json\/wp\/v2\/pages\/516\/revisions"}],"up":[{"embeddable":true,"href":"https:\/\/www.issy-tourisme-international.com\/es\/wp-json\/wp\/v2\/pages\/596"}],"wp:attachment":[{"href":"https:\/\/www.issy-tourisme-international.com\/es\/wp-json\/wp\/v2\/media?parent=516"}],"curies":[{"name":"wp","href":"https:\/\/api.w.org\/{rel}","templated":true}]}}