{"id":498,"date":"2017-10-31T12:01:28","date_gmt":"2017-10-31T11:01:28","guid":{"rendered":"http:\/\/www.issy-tourisme-international.com\/?page_id=498"},"modified":"2018-04-19T12:46:28","modified_gmt":"2018-04-19T10:46:28","slug":"circuito","status":"publish","type":"page","link":"https:\/\/www.issy-tourisme-international.com\/es\/descubrir\/circuito\/","title":{"rendered":"Circuitos"},"content":{"rendered":"<p>\u00a1Descubrir Issy les Moulineaux de otro modo!<\/p>\n<p>La Oficina de Turismo os propone tres circuitos inusuales y originales, formando el conjunto de la parte m\u00e1s bonita del patrimonio hist\u00f3rico de la ciudad.<\/p>\n<p>Descubre el casco antiguo y su patrimonio hist\u00f3rico mediante un paseo urbano, retrocediendo en la \u00e9poca de la Reina Margot y la Familia de Conti.<\/p>\n<p>Imag\u00ednate a bordo de un avi\u00f3n para descubrir Issy, cuna de la aviaci\u00f3n, y d\u00e9jate guiar a trav\u00e9s de la historia de los grandes aviadores como; Henry Farmnan, hacia una historia fant\u00e1stica.<\/p>\n<p>Para los amantes de la naturaleza, la Isla San German proporciona una parte buc\u00f3lica y campestre entre la ciudad y el Rio Sena<\/p>\n<p>&nbsp;<\/p>\n","protected":false},"excerpt":{"rendered":"<p>\u00a1Descubrir Issy les Moulineaux de otro modo! La Oficina de Turismo os propone tres circuitos inusuales y originales, formando el conjunto de la parte m\u00e1s bonita del patrimonio hist\u00f3rico de la ciudad. Descubre el casco antiguo y su patrimonio hist\u00f3rico mediante un paseo urbano, retrocediendo en la \u00e9poca de la Reina Margot y la Familia [&hellip;]<\/p>\n","protected":false},"author":1,"featured_media":0,"parent":553,"menu_order":0,"comment_status":"closed","ping_status":"closed","template":"modele-circuits.php","meta":{"_acf_changed":false,"footnotes":""},"class_list":["post-498","page","type-page","status-publish","hentry"],"acf":[],"_links":{"self":[{"href":"https:\/\/www.issy-tourisme-international.com\/es\/wp-json\/wp\/v2\/pages\/498","targetHints":{"allow":["GET"]}}],"collection":[{"href":"https:\/\/www.issy-tourisme-international.com\/es\/wp-json\/wp\/v2\/pages"}],"about":[{"href":"https:\/\/www.issy-tourisme-international.com\/es\/wp-json\/wp\/v2\/types\/page"}],"author":[{"embeddable":true,"href":"https:\/\/www.issy-tourisme-international.com\/es\/wp-json\/wp\/v2\/users\/1"}],"replies":[{"embeddable":true,"href":"https:\/\/www.issy-tourisme-international.com\/es\/wp-json\/wp\/v2\/comments?post=498"}],"version-history":[{"count":0,"href":"https:\/\/www.issy-tourisme-international.com\/es\/wp-json\/wp\/v2\/pages\/498\/revisions"}],"up":[{"embeddable":true,"href":"https:\/\/www.issy-tourisme-international.com\/es\/wp-json\/wp\/v2\/pages\/553"}],"wp:attachment":[{"href":"https:\/\/www.issy-tourisme-international.com\/es\/wp-json\/wp\/v2\/media?parent=498"}],"curies":[{"name":"wp","href":"https:\/\/api.w.org\/{rel}","templated":true}]}}