{"id":493,"date":"2017-10-31T11:58:48","date_gmt":"2017-10-31T10:58:48","guid":{"rendered":"http:\/\/www.issy-tourisme-international.com\/?page_id=493"},"modified":"2018-04-20T11:41:34","modified_gmt":"2018-04-20T09:41:34","slug":"historia-de-la-ciudad","status":"publish","type":"page","link":"https:\/\/www.issy-tourisme-international.com\/es\/descubrir\/historia-de-la-ciudad\/","title":{"rendered":"Historia de la ciudad"},"content":{"rendered":"<p style=\"margin-bottom: 18.0pt; line-height: 16.8pt;\"><span lang=\"ES\" style=\"font-size: 11.5pt; font-family: 'Arial',sans-serif; color: #95989a;\">Issy les Moulineaux, municipalidad de Hauts des Seine, conocida como la Cyber Ciudad. Ha recibido en 2016 el t\u00edtulo de ciudad pionera de Internet y ciudad inteligente.<\/span><\/p>\n<p style=\"margin-bottom: 18.0pt; line-height: 16.8pt;\"><span lang=\"ES\" style=\"font-size: 11.5pt; font-family: 'Arial',sans-serif; color: #95989a;\">Pero lo que hay que saber tambi\u00e9n, son sus 9000 a\u00f1os de historia, comienza con el hombre de la prehistoria en la llanura de Issy, continua por la Edad Media con los monjes de San German y alcanza su apogeo en el siglo XVII con la presencia de las Grandes Cortes, como la famosa \u201cReina Margot\u201d, esposa del Rey Henri IV.\u00a0 Issy Les Moulineaux, es tambi\u00e9n sin\u00f3nimo de terribles combates: en 1815, la ca\u00edda de Napole\u00f3n. En mayo 1871 durante la &#8220;Commune de Paris&#8221;, en 1940 los bombardeos alemanes\u2026. Las Industrias en pleno auge hasta a mediados del siglo xx, la f\u00e1brica de municiones G\u00e9velot, la F\u00e1brica de Tabaco, los cuadros de Ripolin\u2026etc.<\/span><\/p>\n<p style=\"margin-bottom: 18.0pt; line-height: 16.8pt;\"><span lang=\"ES\" style=\"font-size: 11.5pt; font-family: 'Arial',sans-serif; color: #95989a;\">Por su situaci\u00f3n estrat\u00e9gica \u00a0en la orilla del Sena, en un contexto campestre y buc\u00f3lico, la ciudad atrae a los artistas de la pintura m\u00e1s conocidos como; Henri Matisse, el escultor\u00a0 Auguste Rodin o el fot\u00f3grafo Jacques Henri Lartigue, apasionado por los aviones que despegaban desde la pista a\u00e9rea de Issy,<\/span><\/p>\n<p style=\"margin-bottom: 18.0pt; line-height: 16.8pt;\"><span lang=\"ES\" style=\"font-size: 11.5pt; font-family: 'Arial',sans-serif; color: #95989a;\">\u00a1Sin olvidar Issy les Moulineaux la cuna de la aviaci\u00f3n!<\/span><\/p>\n<p style=\"margin-bottom: 18.0pt; line-height: 16.8pt;\"><span lang=\"ES\" style=\"font-size: 11.5pt; font-family: 'Arial',sans-serif; color: #95989a;\">\u00a1Los parques abundantes en la ciudad, propicios a la fantas\u00eda, a la lectura y al descubrimiento de las vi\u00f1as, las colmenas de abejas de miel et incluso un centro de equitaci\u00f3n!<\/span><\/p>\n<p style=\"margin-bottom: 18.0pt; line-height: 16.8pt;\"><span lang=\"ES\" style=\"font-size: 11.5pt; font-family: 'Arial',sans-serif; color: #95989a;\">\u00a1Turistas, Issy les Moulineaux os espera, no le hag\u00e1is esperar mucho!<\/span><\/p>\n<p><a href=\"http:\/\/www.issy.com\/ma-ville\/histoire\" target=\"_blank\" rel=\"noopener\">http:\/\/www.issy.com\/ma-ville\/histoire<\/a><br \/>\n<a href=\"http:\/\/www.historim.fr\/\" target=\"_blank\" rel=\"noopener\">www.historim.fr<\/a><\/p>\n","protected":false},"excerpt":{"rendered":"<p>Issy les Moulineaux, municipalidad de Hauts des Seine, conocida como la Cyber Ciudad. Ha recibido en 2016 el t\u00edtulo de ciudad pionera de Internet y ciudad inteligente. Pero lo que hay que saber tambi\u00e9n, son sus 9000 a\u00f1os de historia, comienza con el hombre de la prehistoria en la llanura de Issy, continua por la [&hellip;]<\/p>\n","protected":false},"author":1,"featured_media":0,"parent":553,"menu_order":0,"comment_status":"closed","ping_status":"closed","template":"modele-histoire.php","meta":{"_acf_changed":false,"footnotes":""},"class_list":["post-493","page","type-page","status-publish","hentry"],"acf":[],"_links":{"self":[{"href":"https:\/\/www.issy-tourisme-international.com\/es\/wp-json\/wp\/v2\/pages\/493","targetHints":{"allow":["GET"]}}],"collection":[{"href":"https:\/\/www.issy-tourisme-international.com\/es\/wp-json\/wp\/v2\/pages"}],"about":[{"href":"https:\/\/www.issy-tourisme-international.com\/es\/wp-json\/wp\/v2\/types\/page"}],"author":[{"embeddable":true,"href":"https:\/\/www.issy-tourisme-international.com\/es\/wp-json\/wp\/v2\/users\/1"}],"replies":[{"embeddable":true,"href":"https:\/\/www.issy-tourisme-international.com\/es\/wp-json\/wp\/v2\/comments?post=493"}],"version-history":[{"count":0,"href":"https:\/\/www.issy-tourisme-international.com\/es\/wp-json\/wp\/v2\/pages\/493\/revisions"}],"up":[{"embeddable":true,"href":"https:\/\/www.issy-tourisme-international.com\/es\/wp-json\/wp\/v2\/pages\/553"}],"wp:attachment":[{"href":"https:\/\/www.issy-tourisme-international.com\/es\/wp-json\/wp\/v2\/media?parent=493"}],"curies":[{"name":"wp","href":"https:\/\/api.w.org\/{rel}","templated":true}]}}