{"id":469,"date":"2017-10-31T11:11:21","date_gmt":"2017-10-31T10:11:21","guid":{"rendered":"http:\/\/www.issy-tourisme-international.com\/?page_id=469"},"modified":"2021-04-07T12:29:31","modified_gmt":"2021-04-07T10:29:31","slug":"greeters","status":"publish","type":"page","link":"https:\/\/www.issy-tourisme-international.com\/es\/descubrir\/greeters\/","title":{"rendered":"Greeters"},"content":{"rendered":"\n<figure class=\"wp-block-image is-resized picto-greeters\" style=\"float: right; margin-top: -100px;\"><img decoding=\"async\" src=\"https:\/\/www.issy-tourisme-international.com\/wp-content\/uploads\/2019\/11\/IGA-Logo-portrait_500x663px_72dpi.jpg\" alt=\"\" class=\"wp-image-2045\" width=\"82\" height=\"109\" srcset=\"https:\/\/www.issy-tourisme-international.com\/wp-content\/uploads\/2019\/11\/IGA-Logo-portrait_500x663px_72dpi.jpg 500w, https:\/\/www.issy-tourisme-international.com\/wp-content\/uploads\/2019\/11\/IGA-Logo-portrait_500x663px_72dpi-226x300.jpg 226w, https:\/\/www.issy-tourisme-international.com\/wp-content\/uploads\/2019\/11\/IGA-Logo-portrait_500x663px_72dpi-1x1.jpg 1w, https:\/\/www.issy-tourisme-international.com\/wp-content\/uploads\/2019\/11\/IGA-Logo-portrait_500x663px_72dpi-84x111.jpg 84w, https:\/\/www.issy-tourisme-international.com\/wp-content\/uploads\/2019\/11\/IGA-Logo-portrait_500x663px_72dpi-18x24.jpg 18w, https:\/\/www.issy-tourisme-international.com\/wp-content\/uploads\/2019\/11\/IGA-Logo-portrait_500x663px_72dpi-27x36.jpg 27w, https:\/\/www.issy-tourisme-international.com\/wp-content\/uploads\/2019\/11\/IGA-Logo-portrait_500x663px_72dpi-36x48.jpg 36w\" sizes=\"(max-width: 82px) 100vw, 82px\" \/><img decoding=\"async\" src=\"https:\/\/www.issy-tourisme-international.com\/wp-content\/uploads\/2019\/11\/GreeterFrance-500px.jpg\" alt=\"\" class=\"wp-image-2059\" width=\"80px\" height=\"109\" srcset=\"https:\/\/www.issy-tourisme-international.com\/wp-content\/uploads\/2019\/11\/GreeterFrance-500px.jpg 560w, https:\/\/www.issy-tourisme-international.com\/wp-content\/uploads\/2019\/11\/GreeterFrance-500px-300x89.jpg 300w, https:\/\/www.issy-tourisme-international.com\/wp-content\/uploads\/2019\/11\/GreeterFrance-500px-3x1.jpg 3w, https:\/\/www.issy-tourisme-international.com\/wp-content\/uploads\/2019\/11\/GreeterFrance-500px-372x111.jpg 372w, https:\/\/www.issy-tourisme-international.com\/wp-content\/uploads\/2019\/11\/GreeterFrance-500px-24x7.jpg 24w, https:\/\/www.issy-tourisme-international.com\/wp-content\/uploads\/2019\/11\/GreeterFrance-500px-36x11.jpg 36w, https:\/\/www.issy-tourisme-international.com\/wp-content\/uploads\/2019\/11\/GreeterFrance-500px-48x14.jpg 48w\" sizes=\"(max-width: 560px) 100vw, 560px\" \/><\/figure>\n\n\n<p>Ganas de deambular en las calles d\u2019Issy con nuestros Greeters&nbsp;?<\/p>\n<p>Un embajador de la ciudad, voluntario que ofrece un paseo \u00fanico y gratuito a pie, para descubrir de otra manera la ciudad de Issy les Moulineaux.<\/p>\n<p>Os har\u00e1 descubrir su barrio, sus buenas direcciones y facetas.<\/p>\n<p>Por grupos de 6 personas como m\u00e1ximo, Compartir\u00e1 con usted las an\u00e9cdotas de la ciudad como si fuera su amigo.<\/p>\n<p><em>\u00bf&nbsp;<\/em>Le apetece dar un paseo con un&nbsp; Greeter&nbsp;y vivir la experiencia ?<\/p>\n<p>Informaci\u00f3n detallada para la organizaci\u00f3n del paseo Greeters&nbsp;:<\/p>\n<ul>\n<li><em>\u00a1&nbsp;<\/em>No hay fechas fijas ! Los itinerarios se organizan espont\u00e1neamente, es decir&nbsp;; tiene que comunicarnos su disponibilidad, al menos 3 fechas y sus horarios deseados.<\/li>\n<li>Los paseos Greeters son totalmente gratis, los Greeters no son gu\u00edas, son voluntarios.<\/li>\n<li>Para cualquiera cancelaci\u00f3n prevenir al menos 3 d\u00edas antes de la fecha del paseo, por email o por tel\u00e9fono.<\/li>\n<\/ul>","protected":false},"excerpt":{"rendered":"<p>Ganas de deambular en las calles d\u2019Issy con nuestros Greeters&nbsp;? Un embajador de la ciudad, voluntario que ofrece un paseo \u00fanico y gratuito a pie, para descubrir de otra manera la ciudad de Issy les Moulineaux. Os har\u00e1 descubrir su barrio, sus buenas direcciones y facetas. Por grupos de 6 personas como m\u00e1ximo, Compartir\u00e1 con [&hellip;]<\/p>\n","protected":false},"author":1,"featured_media":0,"parent":553,"menu_order":0,"comment_status":"closed","ping_status":"closed","template":"modele-greeters.php","meta":{"_acf_changed":false,"footnotes":""},"class_list":["post-469","page","type-page","status-publish","hentry"],"acf":[],"_links":{"self":[{"href":"https:\/\/www.issy-tourisme-international.com\/es\/wp-json\/wp\/v2\/pages\/469","targetHints":{"allow":["GET"]}}],"collection":[{"href":"https:\/\/www.issy-tourisme-international.com\/es\/wp-json\/wp\/v2\/pages"}],"about":[{"href":"https:\/\/www.issy-tourisme-international.com\/es\/wp-json\/wp\/v2\/types\/page"}],"author":[{"embeddable":true,"href":"https:\/\/www.issy-tourisme-international.com\/es\/wp-json\/wp\/v2\/users\/1"}],"replies":[{"embeddable":true,"href":"https:\/\/www.issy-tourisme-international.com\/es\/wp-json\/wp\/v2\/comments?post=469"}],"version-history":[{"count":0,"href":"https:\/\/www.issy-tourisme-international.com\/es\/wp-json\/wp\/v2\/pages\/469\/revisions"}],"up":[{"embeddable":true,"href":"https:\/\/www.issy-tourisme-international.com\/es\/wp-json\/wp\/v2\/pages\/553"}],"wp:attachment":[{"href":"https:\/\/www.issy-tourisme-international.com\/es\/wp-json\/wp\/v2\/media?parent=469"}],"curies":[{"name":"wp","href":"https:\/\/api.w.org\/{rel}","templated":true}]}}