{"id":878,"date":"2017-11-02T14:04:23","date_gmt":"2017-11-02T13:04:23","guid":{"rendered":"http:\/\/www.issy-tourisme-international.com\/?page_id=878"},"modified":"2017-11-09T04:13:29","modified_gmt":"2017-11-09T03:13:29","slug":"sitemap","status":"publish","type":"page","link":"https:\/\/www.issy-tourisme-international.com\/en\/sitemap\/","title":{"rendered":"Sitemap"},"content":{"rendered":"<div class=\"wsp-container\"><h2 class=\"wsp-pages-title\">Pages<\/h2>\n<ul class=\"wsp-pages-list\">\n<li class=\"page_item page-item-696\"><a href=\"https:\/\/www.issy-tourisme-international.com\/en\/charter-quality-label-classification\/\">Charter Quality Label Classification<\/a><\/li>\n<li class=\"page_item page-item-551 page_item_has_children\"><a href=\"https:\/\/www.issy-tourisme-international.com\/en\/discover\/\">Discover<\/a>\n<ul class='children'>\n\t<li class=\"page_item page-item-1981\"><a href=\"https:\/\/www.issy-tourisme-international.com\/en\/discover\/digital-journey\/\">Digital Journey<\/a><\/li>\n\t<li class=\"page_item page-item-496\"><a href=\"https:\/\/www.issy-tourisme-international.com\/en\/discover\/circuits\/\">Discovery Tours<\/a><\/li>\n\t<li class=\"page_item page-item-471\"><a href=\"https:\/\/www.issy-tourisme-international.com\/en\/discover\/greeters\/\">Greeters<\/a><\/li>\n\t<li class=\"page_item page-item-274\"><a href=\"https:\/\/www.issy-tourisme-international.com\/en\/discover\/history-of-the-town\/\">The town\u2019s history<\/a><\/li>\n<\/ul>\n<\/li>\n<li class=\"page_item page-item-577 page_item_has_children\"><a href=\"https:\/\/www.issy-tourisme-international.com\/en\/manger-dormir\/\">Eat and sleep<\/a>\n<ul class='children'>\n\t<li class=\"page_item page-item-504\"><a href=\"https:\/\/www.issy-tourisme-international.com\/en\/manger-dormir\/accommodation\/\">Accommodation<\/a><\/li>\n\t<li class=\"page_item page-item-509\"><a href=\"https:\/\/www.issy-tourisme-international.com\/en\/manger-dormir\/catering\/\">Catering<\/a><\/li>\n<\/ul>\n<\/li>\n<li class=\"page_item page-item-594 page_item_has_children\"><a href=\"https:\/\/www.issy-tourisme-international.com\/en\/go-out-and-travel\/\">Go out and travel<\/a>\n<ul class='children'>\n\t<li class=\"page_item page-item-514\"><a href=\"https:\/\/www.issy-tourisme-international.com\/en\/go-out-and-travel\/go-out\/\">Going out<\/a><\/li>\n\t<li class=\"page_item page-item-518\"><a href=\"https:\/\/www.issy-tourisme-international.com\/en\/go-out-and-travel\/travel\/\">Travel<\/a><\/li>\n<\/ul>\n<\/li>\n<li class=\"page_item page-item-570\"><a href=\"https:\/\/www.issy-tourisme-international.com\/en\/group\/\">Groups<\/a><\/li>\n<li class=\"page_item page-item-171\"><a href=\"https:\/\/www.issy-tourisme-international.com\/en\/\">Home<\/a><\/li>\n<li class=\"page_item page-item-704\"><a href=\"https:\/\/www.issy-tourisme-international.com\/en\/legal-notice\/\">Legal Notice<\/a><\/li>\n<li class=\"page_item page-item-590 page_item_has_children\"><a href=\"https:\/\/www.issy-tourisme-international.com\/en\/pratical\/\">Pratical<\/a>\n<ul class='children'>\n\t<li class=\"page_item page-item-525\"><a href=\"https:\/\/www.issy-tourisme-international.com\/en\/pratical\/brochures\/\">Brochures<\/a><\/li>\n\t<li class=\"page_item page-item-531\"><a href=\"https:\/\/www.issy-tourisme-international.com\/en\/pratical\/contact\/\">Contact<\/a><\/li>\n<\/ul>\n<\/li>\n<li class=\"page_item page-item-878\"><a href=\"https:\/\/www.issy-tourisme-international.com\/en\/sitemap\/\">Sitemap<\/a><\/li>\n<\/ul>\n<h2 class=\"wsp-brochuress-title\">Brochures<\/h2>\n<ul class=\"wsp-brochuress-list\">\n<li><a href=\"https:\/\/www.issy-tourisme-international.com\/en\/brochures\/travel\/\">Travel 2021<\/a><\/li>\n<li><a href=\"https:\/\/www.issy-tourisme-international.com\/en\/brochures\/go-out\/\">Going out<\/a><\/li>\n<\/ul>\n<h2 class=\"wsp-circuitss-title\">Circuits<\/h2>\n<ul class=\"wsp-circuitss-list\">\n<li><a href=\"https:\/\/www.issy-tourisme-international.com\/en\/circuits\/a-stroll-in-the-countryside\/\">A stroll in the countryside<\/a><\/li>\n<li><a href=\"https:\/\/www.issy-tourisme-international.com\/en\/circuits\/issys-past-history\/\">Issy\u2019s past history<\/a><\/li>\n<li><a href=\"https:\/\/www.issy-tourisme-international.com\/en\/circuits\/issy-aviation\/\">Issy, the Cradle of Aviation!<\/a><\/li>\n<\/ul>\n<h2 class=\"wsp-evenementss-title\">Evenements<\/h2>\n<ul class=\"wsp-evenementss-list\">\n<li><a href=\"https:\/\/www.issy-tourisme-international.com\/en\/evenements\/enquete-ludique-pour-une-chasse-aux-oeufs\/\">ENQU\u00caTE LUDIQUE POUR UNE CHASSE AUX OEUFS<\/a><\/li>\n<li><a href=\"https:\/\/www.issy-tourisme-international.com\/en\/evenements\/visite-guidee-du-parc-de-lile-saint-germain\/\">VENDREDI 10 AVRIL : VISITE GUID\u00c9E DU PARC DE L'\u00ceLE SAINT-GERMAIN<\/a><\/li>\n<li><a href=\"https:\/\/www.issy-tourisme-international.com\/en\/evenements\/mardi-14-avril-de-la-vapeur-au-metro\/\">MARDI 14 AVRIL : DE LA VAPEUR AU M\u00c9TRO\u00a0<\/a><\/li>\n<li><a href=\"https:\/\/www.issy-tourisme-international.com\/en\/evenements\/les-marches-avec-christian\/\">JEUDI 16 AVRIL : BOIS DE VERRI\u00c8RES ET VALL\u00c9E DE LA BI\u00c8VRE<\/a><\/li>\n<li><a href=\"https:\/\/www.issy-tourisme-international.com\/en\/evenements\/mardi-13-janvier-inscriptions-sortir-janvier-avril-2026\/\">BROCHURE \"SORTIR ! JANVIER-AVRIL 2026\"<\/a><\/li>\n<\/ul>\n<h2 class=\"wsp-team_buildings-title\">Team Building<\/h2>\n<ul class=\"wsp-team_buildings-list\">\n<li><a href=\"https:\/\/www.issy-tourisme-international.com\/en\/team_building\/home-cinema-silence-moteur-action\/\">HOME CINEMA - Silence, Moteur, Action !<\/a><\/li>\n<li><a href=\"https:\/\/www.issy-tourisme-international.com\/en\/team_building\/la-barge-166-reunion\/\">LE NIDA \u2013 SALLES DE R\u00c9UNION<\/a><\/li>\n<li><a href=\"https:\/\/www.issy-tourisme-international.com\/en\/team_building\/le-boulodrome-tournoi-de-petanque\/\">LE BOULODROME \u2013 Tournoi de p\u00e9tanque<\/a><\/li>\n<li><a href=\"https:\/\/www.issy-tourisme-international.com\/en\/team_building\/les-zolympiades-activite-team-building\/\">LA BARGE 166 \u2013 R\u00e9union &amp; Atelier d\u00e9gustation<\/a><\/li>\n<\/ul>\n<\/div>\n","protected":false},"excerpt":{"rendered":"","protected":false},"author":1,"featured_media":0,"parent":0,"menu_order":0,"comment_status":"closed","ping_status":"closed","template":"modele-branche.php","meta":{"_acf_changed":false,"footnotes":""},"class_list":["post-878","page","type-page","status-publish","hentry"],"acf":[],"_links":{"self":[{"href":"https:\/\/www.issy-tourisme-international.com\/en\/wp-json\/wp\/v2\/pages\/878","targetHints":{"allow":["GET"]}}],"collection":[{"href":"https:\/\/www.issy-tourisme-international.com\/en\/wp-json\/wp\/v2\/pages"}],"about":[{"href":"https:\/\/www.issy-tourisme-international.com\/en\/wp-json\/wp\/v2\/types\/page"}],"author":[{"embeddable":true,"href":"https:\/\/www.issy-tourisme-international.com\/en\/wp-json\/wp\/v2\/users\/1"}],"replies":[{"embeddable":true,"href":"https:\/\/www.issy-tourisme-international.com\/en\/wp-json\/wp\/v2\/comments?post=878"}],"version-history":[{"count":0,"href":"https:\/\/www.issy-tourisme-international.com\/en\/wp-json\/wp\/v2\/pages\/878\/revisions"}],"wp:attachment":[{"href":"https:\/\/www.issy-tourisme-international.com\/en\/wp-json\/wp\/v2\/media?parent=878"}],"curies":[{"name":"wp","href":"https:\/\/api.w.org\/{rel}","templated":true}]}}