{"id":704,"date":"2017-10-31T15:45:00","date_gmt":"2017-10-31T14:45:00","guid":{"rendered":"http:\/\/www.issy-tourisme-international.com\/?page_id=704"},"modified":"2018-11-09T15:04:23","modified_gmt":"2018-11-09T14:04:23","slug":"legal-notice","status":"publish","type":"page","link":"https:\/\/www.issy-tourisme-international.com\/en\/legal-notice\/","title":{"rendered":"Legal Notice"},"content":{"rendered":"<h1 class=\"title_name oswald\">Mentions l\u00e9gales<\/h1>\n<article id=\"post-139\" class=\"post-139 page type-page status-publish hentry\">\n<div class=\"entry-content\">\n<p><strong>Le site issytourisme.com est le site officiel de l\u2019Office de Tourisme d\u2019Issy-les-Moulineaux (Maison du Tourisme et des Loisirs \u2013 Esplanade de l\u2019H\u00f4tel de Ville \u2013 62 rue du G\u00e9n\u00e9ral Leclerc \u2013 92130 Issy-les-Moulineaux)<\/strong><\/p>\n<p>Le contenu multim\u00e9dia du site Internet est la propri\u00e9t\u00e9 exclusive de la Maison du Tourisme. Ainsi, pour toute utilisation de ce contenu une autorisation expresse doit \u00eatre formul\u00e9e via le formulaire de contact ou par courrier postal \u00e0 l\u2019adresse suivante\u00a0: Maison du Tourisme et des Loisirs \u2013 Esplanade de l\u2019H\u00f4tel de Ville \u2013 62 rue du G\u00e9n\u00e9ral Leclerc \u2013 92130 Issy-les-Moulineaux.<\/p>\n<p>Le logo de la Maison du Tourisme est la propri\u00e9t\u00e9 de la Maison du Tourisme. Ainsi toute reproduction ou modification (totale ou partielle) de cet \u00e9l\u00e9ment graphique sans autorisation pr\u00e9alable et \u00e9crite est interdite. Pour tous renseignements, vous pouvez nous contacter via le formulaire de contact ou par courrier postal \u00e0 l\u2019adresse suivante\u00a0: Maison du Tourisme et des Loisirs \u2013 Esplanade de l\u2019H\u00f4tel de Ville \u2013 62 rue du G\u00e9n\u00e9ral Leclerc \u2013 92130 Issy-les-Moulineaux.<\/p>\n<p>La Maison du Tourisme autorise tout site Internet ou tout support \u00e0 mettre en place un lien hypertexte en direction de son contenu \u00e0 l\u2019exception de ceux diffusant des contenus \u00e0 caract\u00e8re pol\u00e9mique, pornographique, x\u00e9nophobe, contraire \u00e0 la d\u00e9cence ou aux bonnes m\u0153urs.<\/p>\n<p>Par ailleurs, nous vous informons que toute tentative de piratage ou de d\u00e9tournement du site sera enregistr\u00e9e et donnera lieu \u00e0 des poursuites judiciaires.<\/p>\n<p><strong>La d\u00e9claration \u00e0 la CNIL <\/strong><\/p>\n<p>Les informations collect\u00e9es par le biais de ce site Internet sont exclusivement destin\u00e9es \u00e0 l\u2019association Maison du Tourisme.<\/p>\n<p>Conform\u00e9ment aux dispositions contenues dans la loi n\u00b078-17 du 6 janvier 1978 modifi\u00e9e relative \u00e0 l\u2019informatique, aux fichiers et aux libert\u00e9s, vous disposez d\u2019un droit d\u2019acc\u00e8s, de rectification, de modification et de suppression concernant les donn\u00e9es qui vous concernent.\u00a0? Vous pouvez exercer ce droit en envoyant un courriel via le formulaire de contact ou par courrier postal \u00e0 l\u2019adresse suivante, en indiquant si possible le contexte dans lequel cette collecte de donn\u00e9es personnelles a \u00e9t\u00e9 effectu\u00e9e afin que nous puissions retrouver plus facilement les informations vous concernant\u00a0: Maison du Tourisme et des Loisirs \u2013 Esplanade de l\u2019H\u00f4tel de Ville \u2013 62 rue du G\u00e9n\u00e9ral Leclerc \u2013 92130 Issy-les-Moulineaux.<\/p>\n<p><strong>Cookies<\/strong><\/p>\n<p>Afin d\u2019am\u00e9liorer et de personnaliser la navigation, des cookies peuvent \u00eatre d\u00e9pos\u00e9s sur votre ordinateur. Vous pouvez choisir de refuser ces cookies en param\u00e9trant votre navigateur. Pour en savoir plus sur le fonctionnement des cookies, nous vous invitons \u00e0\u00a0<a href=\"https:\/\/www.cnil.fr\/fr\/cookies-les-outils-pour-les-maitriser\">lire cette page sur le site de la CNIL.<\/a><\/p>\n<\/div>\n<\/article>\n","protected":false},"excerpt":{"rendered":"<p>Mentions l\u00e9gales Le site issytourisme.com est le site officiel de l\u2019Office de Tourisme d\u2019Issy-les-Moulineaux (Maison du Tourisme et des Loisirs \u2013 Esplanade de l\u2019H\u00f4tel de Ville \u2013 62 rue du G\u00e9n\u00e9ral Leclerc \u2013 92130 Issy-les-Moulineaux) Le contenu multim\u00e9dia du site Internet est la propri\u00e9t\u00e9 exclusive de la Maison du Tourisme. Ainsi, pour toute utilisation de [&hellip;]<\/p>\n","protected":false},"author":1,"featured_media":0,"parent":0,"menu_order":0,"comment_status":"closed","ping_status":"closed","template":"modele-branche.php","meta":{"_acf_changed":false,"footnotes":""},"class_list":["post-704","page","type-page","status-publish","hentry"],"acf":[],"_links":{"self":[{"href":"https:\/\/www.issy-tourisme-international.com\/en\/wp-json\/wp\/v2\/pages\/704","targetHints":{"allow":["GET"]}}],"collection":[{"href":"https:\/\/www.issy-tourisme-international.com\/en\/wp-json\/wp\/v2\/pages"}],"about":[{"href":"https:\/\/www.issy-tourisme-international.com\/en\/wp-json\/wp\/v2\/types\/page"}],"author":[{"embeddable":true,"href":"https:\/\/www.issy-tourisme-international.com\/en\/wp-json\/wp\/v2\/users\/1"}],"replies":[{"embeddable":true,"href":"https:\/\/www.issy-tourisme-international.com\/en\/wp-json\/wp\/v2\/comments?post=704"}],"version-history":[{"count":0,"href":"https:\/\/www.issy-tourisme-international.com\/en\/wp-json\/wp\/v2\/pages\/704\/revisions"}],"wp:attachment":[{"href":"https:\/\/www.issy-tourisme-international.com\/en\/wp-json\/wp\/v2\/media?parent=704"}],"curies":[{"name":"wp","href":"https:\/\/api.w.org\/{rel}","templated":true}]}}