{"id":531,"date":"2017-10-31T13:40:15","date_gmt":"2017-10-31T12:40:15","guid":{"rendered":"http:\/\/www.issy-tourisme-international.com\/?page_id=531"},"modified":"2018-11-09T15:06:23","modified_gmt":"2018-11-09T14:06:23","slug":"contact","status":"publish","type":"page","link":"https:\/\/www.issy-tourisme-international.com\/en\/pratical\/contact\/","title":{"rendered":"Contact"},"content":{"rendered":"<h2>Maison du Tourisme et des Loisirs d\u2019Issy-les-Moulineaux<\/h2>\n<p>Esplanade de l\u2019H\u00f4tel de Ville<br \/>\n62 rue du G\u00e9n\u00e9ral Leclerc<br \/>\n92130 Issy-les-Moulineaux<\/p>\n<p>Tel : + 33 (0)1 41 23 87 00<br \/>\nEmail : <a href=\"mailto:touristoffice@ville-issy.fr\">touristoffice@ville-issy.fr<\/a><\/p>\n<p><strong>Opening times :<\/strong><br \/>\nOpen all day from Monday to Friday from 10h to 18h, except Tuesday\u00a0:11h to 18h and Saturday\u00a0: 10h to 13h and 14h to 16h.<\/p>\n","protected":false},"excerpt":{"rendered":"<p>Maison du Tourisme et des Loisirs d\u2019Issy-les-Moulineaux Esplanade de l\u2019H\u00f4tel de Ville 62 rue du G\u00e9n\u00e9ral Leclerc 92130 Issy-les-Moulineaux Tel : + 33 (0)1 41 23 87 00 Email : touristoffice@ville-issy.fr Opening times : Open all day from Monday to Friday from 10h to 18h, except Tuesday\u00a0:11h to 18h and Saturday\u00a0: 10h to 13h and [&hellip;]<\/p>\n","protected":false},"author":3,"featured_media":0,"parent":590,"menu_order":0,"comment_status":"closed","ping_status":"closed","template":"modele-contact.php","meta":{"_acf_changed":false,"footnotes":""},"class_list":["post-531","page","type-page","status-publish","hentry"],"acf":[],"_links":{"self":[{"href":"https:\/\/www.issy-tourisme-international.com\/en\/wp-json\/wp\/v2\/pages\/531","targetHints":{"allow":["GET"]}}],"collection":[{"href":"https:\/\/www.issy-tourisme-international.com\/en\/wp-json\/wp\/v2\/pages"}],"about":[{"href":"https:\/\/www.issy-tourisme-international.com\/en\/wp-json\/wp\/v2\/types\/page"}],"author":[{"embeddable":true,"href":"https:\/\/www.issy-tourisme-international.com\/en\/wp-json\/wp\/v2\/users\/3"}],"replies":[{"embeddable":true,"href":"https:\/\/www.issy-tourisme-international.com\/en\/wp-json\/wp\/v2\/comments?post=531"}],"version-history":[{"count":0,"href":"https:\/\/www.issy-tourisme-international.com\/en\/wp-json\/wp\/v2\/pages\/531\/revisions"}],"up":[{"embeddable":true,"href":"https:\/\/www.issy-tourisme-international.com\/en\/wp-json\/wp\/v2\/pages\/590"}],"wp:attachment":[{"href":"https:\/\/www.issy-tourisme-international.com\/en\/wp-json\/wp\/v2\/media?parent=531"}],"curies":[{"name":"wp","href":"https:\/\/api.w.org\/{rel}","templated":true}]}}